{"id":439,"date":"2015-01-04T13:16:03","date_gmt":"2015-01-04T12:16:03","guid":{"rendered":"http:\/\/www.flugplaetze-der-luftwaffe.de\/?page_id=439"},"modified":"2018-05-21T12:46:12","modified_gmt":"2018-05-21T10:46:12","slug":"leseproben","status":"publish","type":"page","link":"https:\/\/www.flugplaetze-der-luftwaffe.de\/?page_id=439","title":{"rendered":"Leseproben"},"content":{"rendered":"<p>Die Reihe <em>Flugpl\u00e4tze der Luftwaffe 1934 &#8211; 1945&#8230; und was von ihnen \u00fcbrig blieb<\/em> ist nunmehr seit fast 14 Jahren auf dem Buchmarkt vertreten. Zeit, die bisher erschienenen B\u00e4nde und die dazugeh\u00f6renden Leseproben auf einer Seite zusammenzuf\u00fchren.<\/p>\n<p><a href=\"http:\/\/www.flugplaetze-der-luftwaffe.de\/wp-content\/uploads\/2015\/01\/Titel-Flugpl\u00e4tze_Bd1_150px.jpg\" rel=\"lightbox[439]\"><img loading=\"lazy\" decoding=\"async\" class=\"alignleft size-full wp-image-440\" src=\"http:\/\/www.flugplaetze-der-luftwaffe.de\/wp-content\/uploads\/2015\/01\/Titel-Flugpl\u00e4tze_Bd1_150px.jpg\" alt=\"Titel-Flugpl\u00e4tze_Bd1_150px\" width=\"106\" height=\"150\" \/><\/a>Den Anfang machte im Jahr 2001 der <strong>Band 1: Berlin &amp; Brandenburg.<\/strong> Die Wahl fiel auf das Bundesland Brandenburg und die Bundeshauptstadt Berlin, weil hier nicht nur die Wiege der deutschen Zivilfliegerei, sondern auch die der deutschen Milit\u00e4rfliegerei stand und auch die ersten Fliegerhorste der neuen dritten Teilstreitkraft, der Luftwaffe, erbaut worden sind. Auf etwa 400 Seiten finden sich Details zu insgesamt 70 Flugpl\u00e4tzen. (<a href=\"http:\/\/www.andreaszapf.de\/blog-fdl-media\/Leseprobe-Band-1-Berlin-Brandenburg.pdf\" target=\"_blank\">Leseprobe<\/a>)<\/p>\n<p><a href=\"http:\/\/www.flugplaetze-der-luftwaffe.de\/wp-content\/uploads\/2015\/01\/Titel-Flugpl\u00e4tze_Bd2_150px.jpg\" rel=\"lightbox[439]\"><img loading=\"lazy\" decoding=\"async\" class=\"alignright size-full wp-image-441\" src=\"http:\/\/www.flugplaetze-der-luftwaffe.de\/wp-content\/uploads\/2015\/01\/Titel-Flugpl\u00e4tze_Bd2_150px.jpg\" alt=\"Titel-Flugpl\u00e4tze_Bd2_150px\" width=\"107\" height=\"150\" \/><\/a>Es folgt im Jahr 2002 der <strong>Band 2: Sachsen<\/strong>. Wiederum finden sich unter den insgesamt 36 beschriebenen Pl\u00e4tzen auch einige aus den ersten Tagen der Milit\u00e4rfliegerei. Insgesamt 100 Farb- und zahlreiche Schwarz\/Wei\u00df Fotos erg\u00e4nzen die Beschreibungen der Pl\u00e4tze und vermitteln ein Bild von Vergangenheit und Gegenwart. (<a href=\"http:\/\/www.andreaszapf.de\/blog-fdl-media\/Leseprobe-Band-2-Sachsen.pdf\" target=\"_blank\">Leseprobe<\/a>)<\/p>\n<p>&nbsp;<\/p>\n<p><a href=\"http:\/\/www.flugplaetze-der-luftwaffe.de\/wp-content\/uploads\/2015\/01\/Titel-Flugpl\u00e4tze_Bd3_150px.jpg\" rel=\"lightbox[439]\"><img loading=\"lazy\" decoding=\"async\" class=\"alignleft size-full wp-image-447\" src=\"http:\/\/www.flugplaetze-der-luftwaffe.de\/wp-content\/uploads\/2015\/01\/Titel-Flugpl\u00e4tze_Bd3_150px.jpg\" alt=\"Titel-Flugpl\u00e4tze_Bd3_150px\" width=\"107\" height=\"150\" \/><\/a>Wiederum ein Jahr sp\u00e4ter, im Jahr 2003, folgt <strong>Band 3: Th\u00fcringen<\/strong>. Auf knapp 240 Seiten werden 24 Flugpl\u00e4tze der Luftwaffe besprochen. Wieder erg\u00e4nzen ca. 170 Farb- und etwa 100 s\/w Aufnahmen die detaillierten Beschreibungen der Flugpl\u00e4tze der Luftwaffe.<\/p>\n<p>Neben bekannten Flugpl\u00e4tzen wie Altenburg oder Erfurt-Bindersleben finden sich auch Fotos der unterirdischen Anlagen des Platzes Kahla\/Gro\u00dfeutersdorf. (<a href=\"http:\/\/www.andreaszapf.de\/blog-fdl-media\/Leseprobe-Band-3-Thueringen.pdf\" target=\"_blank\">Leseprobe<\/a>)<\/p>\n<p><strong><a href=\"http:\/\/www.flugplaetze-der-luftwaffe.de\/wp-content\/uploads\/2015\/01\/Titel-Flugpl\u00e4tze_Bd4_150px.jpg\" rel=\"lightbox[439]\"><img loading=\"lazy\" decoding=\"async\" class=\"alignright size-full wp-image-448\" src=\"http:\/\/www.flugplaetze-der-luftwaffe.de\/wp-content\/uploads\/2015\/01\/Titel-Flugpl\u00e4tze_Bd4_150px.jpg\" alt=\"Titel-Flugpl\u00e4tze_Bd4_150px\" width=\"105\" height=\"150\" \/><\/a>Band 4: Sachsen-Anhalt<\/strong> folgt im Jahre 2005. Auf 412 Seiten werden insgesamt 43 Liegenschaften der ehemaligen Luftwaffe besprochen. Mehr als 560 Fotos erg\u00e4nzen die Flugplatzbeschreibungen und zeigen den Zustand der Flugpl\u00e4tze heute und w\u00e4hrend ihrer Einsatzzeit.<\/p>\n<p>Dieser Band deckt viele der Pl\u00e4tze ab, die im nord\u00f6stlichen Vorland des Harz eng mit der deutschen Flugzeugproduktion verbunden waren &#8211; Bernburg, Dessau, Merseburg und Oschersleben. (<a href=\"http:\/\/www.andreaszapf.de\/blog-fdl-media\/Leseprobe-Band-4-Sachsen-Anhalt.pdf\" target=\"_blank\">Leseprobe<\/a>)<\/p>\n<p><a href=\"http:\/\/www.flugplaetze-der-luftwaffe.de\/wp-content\/uploads\/2015\/01\/Titel-Flugpl\u00e4tze_Bd5_150px.jpg\" rel=\"lightbox[439]\"><img loading=\"lazy\" decoding=\"async\" class=\"alignleft size-full wp-image-449\" src=\"http:\/\/www.flugplaetze-der-luftwaffe.de\/wp-content\/uploads\/2015\/01\/Titel-Flugpl\u00e4tze_Bd5_150px.jpg\" alt=\"Titel-Flugpl\u00e4tze_Bd5_150px\" width=\"106\" height=\"150\" \/><\/a>Im Jahr 2007 folgt <strong>Band 5: Mecklenburg-Vorpommern<\/strong> und schlie\u00dft damit die Betrachtung der Flugpl\u00e4tze in den sogenannten &#8220;Neuen Bundesl\u00e4nden&#8221; ab. Mit 62 Flugpl\u00e4tzen auf fast 460 Seiten sowie etwa 550 Abbildungen deckt dieser Band viele interessante Pl\u00e4tze ab, darunter die Erprobungsstellen der Luftwaffe in Rechlin und die Versuchsanstalt Peenem\u00fcnde. (<a href=\"http:\/\/www.andreaszapf.de\/blog-fdl-media\/Leseprobe-Band-5-Mecklenburg-Vorpommern.pdf\" target=\"_blank\">Leseprobe<\/a>)<\/p>\n<p><a href=\"http:\/\/www.flugplaetze-der-luftwaffe.de\/wp-content\/uploads\/2015\/01\/Titel-Flugpl\u00e4tze_Bd6_150px.jpg\" rel=\"lightbox[439]\"><img loading=\"lazy\" decoding=\"async\" class=\"alignright size-full wp-image-450\" src=\"http:\/\/www.flugplaetze-der-luftwaffe.de\/wp-content\/uploads\/2015\/01\/Titel-Flugpl\u00e4tze_Bd6_150px.jpg\" alt=\"Titel-Flugpl\u00e4tze_Bd6_150px\" width=\"103\" height=\"150\" \/><\/a>Bereits im darauf folgenden Jahr 2008 erscheint mit <strong>Band 6: Schleswig-Holstein &amp; Hamburg<\/strong> der erste Band, der sich mit den Flugpl\u00e4tzen im Gebiet der ehemaligen West-Alliierten Besatzungszonen besch\u00e4ftigt.<\/p>\n<p>Auf etwa 320 Seiten werden 45 Flugpl\u00e4tze besprochen, etwa 500 Abbildungen erg\u00e4nzen die beschreibenden Texte. (<a href=\"http:\/\/www.andreaszapf.de\/blog-fdl-media\/Leseprobe-Band-6-Schleswig-Holstein-Hamburg.pdf\" target=\"_blank\">Leseprobe<\/a>)<\/p>\n<p><a href=\"http:\/\/www.flugplaetze-der-luftwaffe.de\/wp-content\/uploads\/2015\/01\/Cover-Page-150px.jpg\" rel=\"lightbox[439]\"><img loading=\"lazy\" decoding=\"async\" class=\"alignleft size-full wp-image-451\" src=\"http:\/\/www.flugplaetze-der-luftwaffe.de\/wp-content\/uploads\/2015\/01\/Cover-Page-150px.jpg\" alt=\"Cover Page - 150px\" width=\"109\" height=\"150\" \/><\/a>Der n\u00e4chste Band &#8211; <strong>Band 7: Niedersachsen &amp; Bremen<\/strong> &#8211; folgt im Jahr 2011. Es ist der erste Band, der im Hardcover-Format entsteht und das hat seinen Grund<\/p>\n<p>Der Band deckt insgesamt 106 Flugpl\u00e4tzen von &#8220;A wie Achmer&#8221; bis &#8220;Z wie Zahrenholz&#8221; ab, \u00fcber 760 Abbildungen erg\u00e4nzen die Beschreibungen der Flugpl\u00e4tze. Es ist der bisher umfangreichste Band der Serie &#8211; 576 Seiten stark (<a href=\"http:\/\/www.andreaszapf.de\/blog-fdl-media\/Leseprobe-Band-7-Niedersachsen-Bremen.pdf\" target=\"_blank\">Leseprobe<\/a>).<\/p>\n<p><a href=\"http:\/\/www.flugplaetze-der-luftwaffe.de\/wp-content\/uploads\/2015\/01\/Cover-Vol8-150px.jpg\" rel=\"lightbox[439]\"><img loading=\"lazy\" decoding=\"async\" class=\"alignright size-full wp-image-452\" src=\"http:\/\/www.flugplaetze-der-luftwaffe.de\/wp-content\/uploads\/2015\/01\/Cover-Vol8-150px.jpg\" alt=\"Cover-Vol8-150px\" width=\"107\" height=\"150\" \/><\/a>Bisher galt das Motto <em>&#8220;Ein Band, ein Fl\u00e4chenland&#8221;<\/em> &#8211; Bayern jedoch ist von der Anzahl seiner ehemaligen Flugpl\u00e4tze jedoch zu gro\u00df f\u00fcr einen Einzelband, daher erscheint im Jahr 2013 <strong>Band 8: Bayern &#8211; Luftgau XIII &#8211; N\u00fcrnberg<\/strong>, der zun\u00e4chst den n\u00f6rdlichen und \u00f6stlichen Teil des Freistaats abdeckt.<\/p>\n<p>Auf 476 Seiten werden 59 Flugpl\u00e4tze beschrieben, mehr als 600 Abbildungen erg\u00e4nzen die Informationen. (<a href=\"http:\/\/www.andreaszapf.de\/blog-fdl-media\/Leseprobe-Band-8-Bayern-Luftgau-XIII.pdf\" target=\"_blank\">Leseprobe<\/a>)<\/p>\n<p><a href=\"http:\/\/www.flugplaetze-der-luftwaffe.de\/wp-content\/uploads\/2015\/01\/Band9_U1-150px.jpg\" rel=\"lightbox[439]\"><img loading=\"lazy\" decoding=\"async\" class=\"alignleft size-full wp-image-486\" src=\"http:\/\/www.flugplaetze-der-luftwaffe.de\/wp-content\/uploads\/2015\/01\/Band9_U1-150px.jpg\" alt=\"Band9_U1-150px\" width=\"106\" height=\"150\" \/><\/a><\/p>\n<p>Nachdem Band 8: Bayern &#8211; Luftgau XIII &#8211; N\u00fcrnberg den n\u00f6rdlichen und \u00f6stlichen Teil Bayerns abdeckte, vervollst\u00e4ndigt <strong>Band 9: Bayern &#8211; Luftgau VII &#8211; M\u00fcnchen<\/strong> nun die Aufstellung der ehemaligen Flugpl\u00e4tze der Luftwaffe\u00a0im Freistaat.<\/p>\n<p>Auf 551\u00a0Seiten werden 62 Flugpl\u00e4tze beschrieben, 980\u00a0Abbildungen erg\u00e4nzen die ausf\u00fchrlichen Beschreibungen zu jedem Platz. (<a href=\"http:\/\/www.andreaszapf.de\/blog-fdl-media\/Leseprobe-Band-9-Bayern-Luftgau-VII.pdf\" target=\"_blank\">Leseprobe<\/a>)<\/p>\n<h2>Lexikon der Flugpl\u00e4tze von A &#8211; Z<\/h2>\n<p><a href=\"http:\/\/www.flugplaetze-der-luftwaffe.de\/wp-content\/uploads\/2015\/01\/Lexikon_Umschlag_150px.jpg\" rel=\"lightbox[439]\"><img loading=\"lazy\" decoding=\"async\" class=\"alignleft size-full wp-image-470\" src=\"http:\/\/www.flugplaetze-der-luftwaffe.de\/wp-content\/uploads\/2015\/01\/Lexikon_Umschlag_150px.jpg\" alt=\"Lexikon_Umschlag_150px\" width=\"100\" height=\"150\" \/><\/a>Wem jetzt die detaillierten Beschreibungen der Pl\u00e4tze in den vorangestellten B\u00e4nden zu umfangreich erscheint und wer vielleicht eher an einer Gesamt\u00fcbersicht interessiert ist, der d\u00fcrfte beim <strong>Lexikon der Flugpl\u00e4tze von A &#8211; Z<\/strong> gut aufgehoben sein.<\/p>\n<p>Auf etwa 560 Seiten werden <em>&#8220;alle Pl\u00e4tze auf dem Machtgebiet des Deutschen Reiches am Vorabend des Zweiten Weltkriegs&#8221;<\/em> in Kurzform beschrieben, insgesamt etwas \u00fcber 1.000 Flugpl\u00e4tze. (<a href=\"http:\/\/www.andreaszapf.de\/blog-fdl-media\/Leseprobe-Lexikon-der-Flugplaetze.pdf\" target=\"_blank\">Leseprobe<\/a>)<\/p>\n","protected":false},"excerpt":{"rendered":"<p>Die Reihe Flugpl\u00e4tze der Luftwaffe 1934 &#8211; 1945&#8230; und was von ihnen \u00fcbrig blieb ist nunmehr seit fast 14 Jahren auf dem Buchmarkt vertreten. Zeit, die bisher erschienenen B\u00e4nde und die dazugeh\u00f6renden Leseproben auf einer Seite zusammenzuf\u00fchren. Den Anfang machte &hellip; <a href=\"https:\/\/www.flugplaetze-der-luftwaffe.de\/?page_id=439\">Continue reading <span class=\"meta-nav\">&rarr;<\/span><\/a><\/p>\n","protected":false},"author":4,"featured_media":0,"parent":0,"menu_order":0,"comment_status":"closed","ping_status":"closed","template":"","meta":{"spay_email":"","footnotes":""},"class_list":["post-439","page","type-page","status-publish","hentry"],"jetpack_shortlink":"https:\/\/wp.me\/P1RjFv-75","_links":{"self":[{"href":"https:\/\/www.flugplaetze-der-luftwaffe.de\/index.php?rest_route=\/wp\/v2\/pages\/439","targetHints":{"allow":["GET"]}}],"collection":[{"href":"https:\/\/www.flugplaetze-der-luftwaffe.de\/index.php?rest_route=\/wp\/v2\/pages"}],"about":[{"href":"https:\/\/www.flugplaetze-der-luftwaffe.de\/index.php?rest_route=\/wp\/v2\/types\/page"}],"author":[{"embeddable":true,"href":"https:\/\/www.flugplaetze-der-luftwaffe.de\/index.php?rest_route=\/wp\/v2\/users\/4"}],"replies":[{"embeddable":true,"href":"https:\/\/www.flugplaetze-der-luftwaffe.de\/index.php?rest_route=%2Fwp%2Fv2%2Fcomments&post=439"}],"version-history":[{"count":11,"href":"https:\/\/www.flugplaetze-der-luftwaffe.de\/index.php?rest_route=\/wp\/v2\/pages\/439\/revisions"}],"predecessor-version":[{"id":487,"href":"https:\/\/www.flugplaetze-der-luftwaffe.de\/index.php?rest_route=\/wp\/v2\/pages\/439\/revisions\/487"}],"wp:attachment":[{"href":"https:\/\/www.flugplaetze-der-luftwaffe.de\/index.php?rest_route=%2Fwp%2Fv2%2Fmedia&parent=439"}],"curies":[{"name":"wp","href":"https:\/\/api.w.org\/{rel}","templated":true}]}}